{"id":1317,"date":"2023-06-09T15:56:42","date_gmt":"2023-06-09T07:56:42","guid":{"rendered":"https:\/\/www.zpgcnc.com\/?page_id=1317"},"modified":"2025-07-04T16:56:55","modified_gmt":"2025-07-04T08:56:55","slug":"product","status":"publish","type":"page","link":"https:\/\/www.zpgcnc.com\/es\/product","title":{"rendered":"Producto"},"content":{"rendered":"<section class=\"wp-block-themepark-block-themepark-slide thempark-block thenepark-slide-out undefined\" style=\"margin-bottom:20px;\" autoplays=\"3\"><div class=\"swiper-container thenepark-slide\"><div class=\"swiper-wrapper\"><div class=\"swiper-slide\"><div class=\"pcimgx hidemo\" style=\"height:500px;\"><div class=\"pcimg_text\" style=\"\"><\/div><a class=\"pcimg_pic swiper-lazy\" href=\"http:\/\/www.zpgcnc.com\/index.php\/contcat-us\/\" data-background=\"https:\/\/www.zpgcnc.com\/wp-content\/uploads\/2025\/02\/\u4ea7\u54c1\u7c7b\u76ee\u9875\u9762.webp\" pcimgxal2=\"\" style=\"background:url(https:\/\/www.zpgcnc.com\/wp-content\/uploads\/2025\/02\/\u4ea7\u54c1\u7c7b\u76ee\u9875\u9762.webp)\"><\/a><\/div><a class=\"movepic\" href=\"http:\/\/www.zpgcnc.com\/index.php\/contcat-us\/\"><img decoding=\"async\" class=\"movepic\" src=\"https:\/\/www.zpgcnc.com\/wp-content\/uploads\/2025\/02\/\u4ea7\u54c1\u7c7b\u76ee\u9875\u9762\u624b\u673a.webp\" alt=\"\"\/><\/a><\/div><\/div><\/div><\/section>\n\n\n\n<section class=\"wp-block-themepark-block-themepark-area block_layout thempark-block undefined\" id=\"\" style=\"background-color:#f8f9f9;padding-bottom:20px;padding-top:20px;\" data-swiper-parallax=\"-700\"><div class=\"block_layout_in\" style=\"\"><div class=\"post_in_list_head modle_title1\"><h3><span style=\"color:#052b6c;font-size:27px;\" class=\"main-title\">M\u00e1quina de corte por l\u00e1ser de chapa<\/span><\/h3><div class=\"title_boout\"><div class=\"title_bo\" style=\"border-bottom:2px solid #ea5520;\"><\/div><\/div><font class=\"titletext\" style=\"color:#080808;font-size:20px;\"><span>1. M\u00e1quina de corte CNC por l\u00e1ser de fibra Potencia: 1000w, 1500w, 2000w, 3000w, 4000w, 6000w, 10000w, 12000w, etc.<\/span><span>2. Heavy Duty; estructura de soldadura de placa de acero de alta resistencia de 12 mm; haz de aluminio fundido <\/span><span>3. Sistema de extracci\u00f3n de polvo de 8 segmentos: nueva tecnolog\u00eda para garantizar el mejor efecto<\/span><span>4. Piezas opcionales de la m\u00e1quina de corte por l\u00e1ser de acero, tales como: eje giratorio, mesa de trabajo de intercambio, cubierta completa, etc.<\/span><span>5. Servicio posventa: el ingeniero realizar\u00e1 la instalaci\u00f3n y la prueba + capacitaci\u00f3n en su f\u00e1brica<\/span><\/font><\/div>\n<div class=\"wp-block-column\"><div class=\"product_loop   mian_loop\" id=\"pro_list_3\"><div class=\"product_post   h_w\" ><a href=\"https:\/\/www.zpgcnc.com\/es\/3015g-fiber-laser-cutting-machine.html\" class=\"product_pic postatty\" style=\"max-height:366px;\"\"><img loading=\"lazy\" decoding=\"async\" class=\"lazyload\" src=\"https:\/\/www.zpgcnc.com\/wp-content\/themes\/smartenterprise\/images\/loadings.png\" data-src=\"https:\/\/www.zpgcnc.com\/wp-content\/uploads\/2025\/07\/3015G.webp\" width=\"700\" height=\"600\" alt=\"M\u00e1quina de corte por l\u00e1ser de fibra 3015G\" title=\"M\u00e1quina de corte por l\u00e1ser de fibra 3015G\"\/><\/a><div class=\"product_info\"><h3 class=\"pro_title\"><a href=\"https:\/\/www.zpgcnc.com\/es\/3015g-fiber-laser-cutting-machine.html\">M\u00e1quina de corte por l\u00e1ser de fibra 3015G<\/a><\/h3><p class=\"des\">Alta precisi\u00f3n, velocidad r\u00e1pida, hendidura estrecha, m\u00ednima zona afectada por el calor, superficie de corte lisa y sin rebabas. El cabezal de corte l\u00e1ser no entra en contacto con la superficie del material y no raya la pieza. La hendidura es la m\u00e1s estrecha, la zona afectada por el calor es la m\u00e1s peque\u00f1a, la deformaci\u00f3n local de la pieza de trabajo es muy...<\/p><\/div><\/div><div class=\"product_post   h_w\" ><a href=\"https:\/\/www.zpgcnc.com\/es\/3015h-full-enclosed-fiber-laser-cutting-machine.html\" class=\"product_pic postatty\" style=\"max-height:366px;\"\"><img loading=\"lazy\" decoding=\"async\" class=\"lazyload\" src=\"https:\/\/www.zpgcnc.com\/wp-content\/themes\/smartenterprise\/images\/loadings.png\" data-src=\"https:\/\/www.zpgcnc.com\/wp-content\/uploads\/2025\/07\/3015H-1.webp\" width=\"700\" height=\"600\" alt=\"3015H Cortadora l\u00e1ser totalmente cerrada\" title=\"3015H Cortadora l\u00e1ser totalmente cerrada\"\/><\/a><div class=\"product_info\"><h3 class=\"pro_title\"><a href=\"https:\/\/www.zpgcnc.com\/es\/3015h-full-enclosed-fiber-laser-cutting-machine.html\">3015H Cortadora l\u00e1ser totalmente cerrada<\/a><\/h3><p class=\"des\">La m\u00e1quina cortadora de acero por l\u00e1ser de fibra CNC 3015H utiliza dos mesas de trabajo para el intercambio simult\u00e1neo y una carcasa de protecci\u00f3n de seguridad totalmente cubierta.Es adecuada para el corte de placas de metal de formato ultra grande y espesor medio, y funciona de forma r\u00e1pida, precisa y estable en diversos entornos.<\/p><\/div><\/div><div class=\"product_post   h_w\" ><a href=\"https:\/\/www.zpgcnc.com\/es\/3015a-double-platform-laser-cutter.html\" class=\"product_pic postatty\" style=\"max-height:366px;\"\"><img loading=\"lazy\" decoding=\"async\" class=\"lazyload\" src=\"https:\/\/www.zpgcnc.com\/wp-content\/themes\/smartenterprise\/images\/loadings.png\" data-src=\"https:\/\/www.zpgcnc.com\/wp-content\/uploads\/2025\/07\/3015A.webp\" width=\"700\" height=\"600\" alt=\"Cortadora l\u00e1ser de doble plataforma 3015A\" title=\"Cortadora l\u00e1ser de doble plataforma 3015A\"\/><\/a><div class=\"product_info\"><h3 class=\"pro_title\"><a href=\"https:\/\/www.zpgcnc.com\/es\/3015a-double-platform-laser-cutter.html\">Cortadora l\u00e1ser de doble plataforma 3015A<\/a><\/h3><p class=\"des\">La estructura de la plataforma de intercambio de la m\u00e1quina de corte l\u00e1ser de fibra serie A soporta el mecanizado s\u00edncrono de doble cara, lo que puede reducir el tiempo de espera y mejorar la eficiencia de producci\u00f3n en aproximadamente 50%.<\/p><\/div><\/div><div class=\"product_post   h_w\" ><a href=\"https:\/\/www.zpgcnc.com\/es\/3015e-metal-laser-cutting-machine.html\" class=\"product_pic postatty\" style=\"max-height:366px;\"\"><img loading=\"lazy\" decoding=\"async\" class=\"lazyload\" src=\"https:\/\/www.zpgcnc.com\/wp-content\/themes\/smartenterprise\/images\/loadings.png\" data-src=\"https:\/\/www.zpgcnc.com\/wp-content\/uploads\/2025\/07\/3015E.webp\" width=\"700\" height=\"600\" alt=\"M\u00e1quina de corte l\u00e1ser de metales 3015E\" title=\"M\u00e1quina de corte l\u00e1ser de metales 3015E\"\/><\/a><div class=\"product_info\"><h3 class=\"pro_title\"><a href=\"https:\/\/www.zpgcnc.com\/es\/3015e-metal-laser-cutting-machine.html\">M\u00e1quina de corte l\u00e1ser de metales 3015E<\/a><\/h3><p class=\"des\">El corte de metal r\u00e1pido de acuerdo con los dibujos del ordenador puede estar equipado con colector de polvo, compresor de aire, manipulador de alimentaci\u00f3n autom\u00e1tica, etc. El alto rendimiento de costes hace que la serie E de corte de metal sea popular entre los clientes.<\/p><\/div><\/div><\/div><\/div>\n<\/div><div class=\"layout_badh\"><\/div><\/section>\n\n\n\n<section class=\"wp-block-themepark-block-themepark-area block_layout thempark-block MovePnly\" id=\"\" style=\"background-color:#f8f9f9;padding-bottom:20px;padding-top:20px;\" data-swiper-parallax=\"-700\"><div class=\"block_layout_in\" style=\"\">\n<div class=\"wp-block-column\">\n<div class=\"wp-block-buttons\">\n<div class=\"wp-block-button has-custom-width wp-block-button__width-50\"><a class=\"wp-block-button__link has-monte-white-color has-themecolor-1-background-color has-text-color has-background has-link-color has-medium-font-size has-custom-font-size wp-element-button\" href=\"https:\/\/api.whatsapp.com\/send?phone=8619353113305\" target=\"_blank\" rel=\"noreferrer noopener\"><strong><strong>WhatsApp<\/strong><\/strong><\/a><\/div>\n\n\n\n<div class=\"wp-block-button has-custom-width wp-block-button__width-50 zixun\"><a class=\"wp-block-button__link has-monte-white-color has-themecolor-1-background-color has-text-color has-background has-link-color has-medium-font-size has-custom-font-size wp-element-button\"><strong>Contacta con nosotras<\/strong><\/a><\/div>\n<\/div>\n<\/div>\n<\/div><div class=\"layout_badh\"><\/div><\/section>\n\n\n\n<section class=\"wp-block-themepark-block-themepark-area block_layout thempark-block undefined\" id=\"\" style=\"background-color:#f8f9f9;padding-bottom:20px;padding-top:20px;\" data-swiper-parallax=\"-700\"><div class=\"block_layout_in\" style=\"\"><div class=\"post_in_list_head modle_title1\"><h3><span style=\"color:#052b6c;font-size:27px;\" class=\"main-title\">M\u00e1quina cortadora de tubos l\u00e1ser de fibra<\/span><\/h3><div class=\"title_boout\"><div class=\"title_bo\" style=\"border-bottom:2px solid #ea5520;\"><\/div><\/div><font class=\"titletext\" style=\"color:#080808;font-size:20px;\"><span>1. Configuraci\u00f3n profesional de tres mandriles, sujeci\u00f3n de carrera completa, una m\u00e1quina puede cortar, abrir orificios, cortar arcos, ahuecar, desgastar, etc.<\/span><span>2. M\u00e1quina profesional de corte de tubos por l\u00e1ser de fibra, adecuada para todo tipo de tubos inoxidables, tubos redondos, tubos cuadrados y tubos ovalados.<\/span><span>3. Materiales de corte por l\u00e1ser de tubos CNC: hierro, aluminio, acero al carbono, acero inoxidable, cobre, herrajes y otros materiales de chapa met\u00e1lica.<\/span><span>4. Piezas opcionales de la m\u00e1quina de corte por l\u00e1ser de tubos, alimentaci\u00f3n autom\u00e1tica, descarga autom\u00e1tica, cubierta completa, etc.<\/span><span>5. Tubo de la m\u00e1quina de corte por l\u00e1ser de fibra del fabricante. Como solo la m\u00e1quina hecha por nosotros mismos, la calidad se puede alterar, y lo m\u00e1s importante es que podemos hacer un mejor servicio postventa. Sabemos c\u00f3mo solucionar el problema de cada pieza f\u00e1cilmente , as\u00ed que bienvenido a visitar nuestra f\u00e1brica.<\/span><\/font><\/div>\n<div class=\"wp-block-column block_layout_in\">\n<div class=\"wp-block-themepark-block-themepark-tab thempark-block thempark_tab_box undefined\" style=\"margin-bottom:20px;\" bloop=\"no\" auto=\"no\" mouse=\"click\"><div class=\"content_tab_title\" style=\"text-align:center;\"><div class=\"fidxtab\" style=\"\"><\/div><\/div><div class=\"swiper-container content_tab_swiper\" style=\"\"><div class=\"swiper-wrapper\"><\/div><\/div><div class=\"tabbottomb\"><\/div><\/div>\n<\/div>\n\n\n\n<div class=\"wp-block-column\"><div class=\"product_loop   mian_loop\" id=\"pro_list_3\"><div class=\"product_post   h_w\" ><a href=\"https:\/\/www.zpgcnc.com\/es\/6012tp-small-tube-laser-cutter.html\" class=\"product_pic postatty\" style=\"max-height:366px;\"\"><img loading=\"lazy\" decoding=\"async\" class=\"lazyload\" src=\"https:\/\/www.zpgcnc.com\/wp-content\/themes\/smartenterprise\/images\/loadings.png\" data-src=\"https:\/\/www.zpgcnc.com\/wp-content\/uploads\/2026\/03\/\u4e3b\u56fe-fiber.jpg\" width=\"700\" height=\"600\" alt=\"6012TP Small-tube Laser Cutter\" title=\"6012TP Small-tube Laser Cutter\"\/><\/a><div class=\"product_info\"><h3 class=\"pro_title\"><a href=\"https:\/\/www.zpgcnc.com\/es\/6012tp-small-tube-laser-cutter.html\">6012TP Small-tube Laser Cutter<\/a><\/h3><p class=\"des\">Small Fiber Laser Tube Cutting Machine Round Tube Laser Cutting Laser Square Pipe Cutting<\/p><\/div><\/div><div class=\"product_post   h_w\" ><a href=\"https:\/\/www.zpgcnc.com\/es\/6016t-metal-pipe-laser-cutting-machine.html\" class=\"product_pic postatty\" style=\"max-height:366px;\"\"><img loading=\"lazy\" decoding=\"async\" class=\"lazyload\" src=\"https:\/\/www.zpgcnc.com\/wp-content\/themes\/smartenterprise\/images\/loadings.png\" data-src=\"https:\/\/www.zpgcnc.com\/wp-content\/uploads\/2025\/07\/6016T.webp\" width=\"700\" height=\"600\" alt=\"Cortadora l\u00e1ser de tubos de metal 6016T\" title=\"Cortadora l\u00e1ser de tubos de metal 6016T\"\/><\/a><div class=\"product_info\"><h3 class=\"pro_title\"><a href=\"https:\/\/www.zpgcnc.com\/es\/6016t-metal-pipe-laser-cutting-machine.html\">Cortadora l\u00e1ser de tubos de metal 6016T<\/a><\/h3><p class=\"des\">m\u00e1quina de corte l\u00e1ser de tubos de metal,m\u00e1quina de corte l\u00e1ser de tubos de acero,m\u00e1quina de corte l\u00e1ser de metalm\u00e1quina de corte l\u00e1ser de fibra<\/p><\/div><\/div><div class=\"product_post   h_w\" ><a href=\"https:\/\/www.zpgcnc.com\/es\/6023t-fiber-laser-tube-cutter-machine.html\" class=\"product_pic postatty\" style=\"max-height:366px;\"\"><img loading=\"lazy\" decoding=\"async\" class=\"lazyload\" src=\"https:\/\/www.zpgcnc.com\/wp-content\/themes\/smartenterprise\/images\/loadings.png\" data-src=\"https:\/\/www.zpgcnc.com\/wp-content\/uploads\/2025\/07\/6023T.webp\" width=\"700\" height=\"600\" alt=\"Cortatubos l\u00e1ser de fibra 6023T\" title=\"Cortatubos l\u00e1ser de fibra 6023T\"\/><\/a><div class=\"product_info\"><h3 class=\"pro_title\"><a href=\"https:\/\/www.zpgcnc.com\/es\/6023t-fiber-laser-tube-cutter-machine.html\">Cortatubos l\u00e1ser de fibra 6023T<\/a><\/h3><p class=\"des\">Puede cortar diversas formas, incluidos agujeros, ranuras y cortes de formas especiales, y la calidad del corte es buena, la incisi\u00f3n es lisa y plana, y casi no hay rebabas, lo que reduce la necesidad de procesamiento posterior.<\/p><\/div><\/div><\/div><\/div>\n<\/div><div class=\"layout_badh\"><\/div><\/section>\n\n\n\n<section class=\"wp-block-themepark-block-themepark-area block_layout thempark-block undefined\" id=\"\" style=\"background-color:#f8f9f9;padding-bottom:20px;padding-top:20px;\" data-swiper-parallax=\"-700\"><div class=\"block_layout_in\" style=\"\"><div class=\"post_in_list_head modle_title1\"><h3><span style=\"color:#052b6c;font-size:27px;\" class=\"main-title\">M\u00e1quina de corte por l\u00e1ser de tubos y placas<\/span><\/h3><div class=\"title_boout\"><div class=\"title_bo\" style=\"border-bottom:2px solid #ea5520;\"><\/div><\/div><font class=\"titletext\" style=\"color:#080808;font-size:20px;\"><span>1. La m\u00e1quina de corte por l\u00e1ser de fibra para placas y tubos, una m\u00e1quina con dos funciones, puede cortar placas y tubos. Mejora en gran medida la eficiencia de producci\u00f3n y reduce el espacio del piso. Podemos personalizarlo seg\u00fan sus requisitos.<\/span><span>2. La m\u00e1quina de corte por l\u00e1ser de fibra se utiliza para cortar varios tubos de metal y l\u00e1minas de diferentes materiales, como acero inoxidable, acero al carbono, l\u00e1minas galvanizadas, l\u00e1minas electrol\u00edticas, lat\u00f3n, aluminio, varias l\u00e1minas de aleaciones, metales raros, etc.<\/span><span>3. M\u00e1quina de corte por l\u00e1ser de fibra de l\u00e1minas y tubos. Como solo la m\u00e1quina est\u00e1 hecha por nosotros mismos, la calidad puede mejorar, y lo m\u00e1s importante es que podemos hacer un mejor servicio postventa. Sabemos c\u00f3mo solucionar el problema de cada pieza. Easliy, as\u00ed que bienvenido a visitar nuestra f\u00e1brica.<\/span><\/font><\/div>\n<div class=\"wp-block-column block_layout_in\">\n<div class=\"wp-block-themepark-block-themepark-tab thempark-block thempark_tab_box undefined\" style=\"margin-bottom:20px;\" bloop=\"no\" auto=\"no\" mouse=\"click\"><div class=\"content_tab_title\" style=\"text-align:center;\"><div class=\"fidxtab\" style=\"\"><\/div><\/div><div class=\"swiper-container content_tab_swiper\" style=\"\"><div class=\"swiper-wrapper\"><\/div><\/div><div class=\"tabbottomb\"><\/div><\/div>\n<\/div>\n\n\n\n<div class=\"wp-block-column\"><div class=\"product_loop   mian_loop\" id=\"pro_list_3\"><div class=\"product_post   h_w\" ><a href=\"https:\/\/www.zpgcnc.com\/es\/3015gt-tube-and-plate-laser-cutting-machine.html\" class=\"product_pic postatty\" style=\"max-height:366px;\"\"><img loading=\"lazy\" decoding=\"async\" class=\"lazyload\" src=\"https:\/\/www.zpgcnc.com\/wp-content\/themes\/smartenterprise\/images\/loadings.png\" data-src=\"https:\/\/www.zpgcnc.com\/wp-content\/uploads\/2025\/07\/3015GT.webp\" width=\"700\" height=\"600\" alt=\"Cortadora l\u00e1ser de placas tubulares 3015GT\" title=\"Cortadora l\u00e1ser de placas tubulares 3015GT\"\/><\/a><div class=\"product_info\"><h3 class=\"pro_title\"><a href=\"https:\/\/www.zpgcnc.com\/es\/3015gt-tube-and-plate-laser-cutting-machine.html\">Cortadora l\u00e1ser de placas tubulares 3015GT<\/a><\/h3><p class=\"des\">Alta precisi\u00f3n: La m\u00e1quina de corte por l\u00e1ser integrada de tubo de chapa de alto rendimiento es adecuada para el procesamiento de metal por lotes, con velocidad de corte r\u00e1pida, alta precisi\u00f3n y funcionamiento estable.<\/p><\/div><\/div><div class=\"product_post   h_w\" ><a href=\"https:\/\/www.zpgcnc.com\/es\/3015ht-sheet-and-tube-fiber-laser-cutting-machine.html\" class=\"product_pic postatty\" style=\"max-height:366px;\"\"><img loading=\"lazy\" decoding=\"async\" class=\"lazyload\" src=\"https:\/\/www.zpgcnc.com\/wp-content\/themes\/smartenterprise\/images\/loadings.png\" data-src=\"https:\/\/www.zpgcnc.com\/wp-content\/uploads\/2025\/07\/3015HT.webp\" width=\"700\" height=\"600\" alt=\"L\u00e1ser de fibra \u00f3ptica de tubo de chapa 3015HT\" title=\"L\u00e1ser de fibra \u00f3ptica de tubo de chapa 3015HT\"\/><\/a><div class=\"product_info\"><h3 class=\"pro_title\"><a href=\"https:\/\/www.zpgcnc.com\/es\/3015ht-sheet-and-tube-fiber-laser-cutting-machine.html\">L\u00e1ser de fibra \u00f3ptica de tubo de chapa 3015HT<\/a><\/h3><p class=\"des\">La serie 3015HT es una m\u00e1quina de corte por l\u00e1ser de fibra de alto rendimiento, que es adecuada para el procesamiento de todo tipo de placas de metal y tuber\u00edas. La protecci\u00f3n de seguridad de cobertura total se ajusta a la norma CE de la UE, y la plataforma de intercambio autom\u00e1tico puede mejorar la eficiencia de producci\u00f3n 50%.<\/p><\/div><\/div><div class=\"product_post   h_w\" ><a href=\"https:\/\/www.zpgcnc.com\/es\/3015et-plate-and-tube-laser-cutting-machine.html\" class=\"product_pic postatty\" style=\"max-height:366px;\"\"><img loading=\"lazy\" decoding=\"async\" class=\"lazyload\" src=\"https:\/\/www.zpgcnc.com\/wp-content\/themes\/smartenterprise\/images\/loadings.png\" data-src=\"https:\/\/www.zpgcnc.com\/wp-content\/uploads\/2025\/07\/3015ET.webp\" width=\"700\" height=\"600\" alt=\"Cortadora l\u00e1ser de tubo de chapa 3015ET\" title=\"Cortadora l\u00e1ser de tubo de chapa 3015ET\"\/><\/a><div class=\"product_info\"><h3 class=\"pro_title\"><a href=\"https:\/\/www.zpgcnc.com\/es\/3015et-plate-and-tube-laser-cutting-machine.html\">Cortadora l\u00e1ser de tubo de chapa 3015ET<\/a><\/h3><p class=\"des\">El corte de metal r\u00e1pido de acuerdo con los dibujos del ordenador puede estar equipado con colector de polvo, compresor de aire, manipulador de alimentaci\u00f3n autom\u00e1tica, etc. El alto rendimiento de costes hace que la serie E de corte de metal sea popular entre los clientes.<\/p><\/div><\/div><\/div><\/div>\n<\/div><div class=\"layout_badh\"><\/div><\/section>","protected":false},"excerpt":{"rendered":"","protected":false},"author":1,"featured_media":0,"parent":0,"menu_order":0,"comment_status":"open","ping_status":"closed","template":"","meta":{"themepark_post_bcolor":"#f5f5f5","themepark_post_width":"100%","themepark_post_img":"","themepark_post_img_po":"left","themepark_post_img_re":false,"themepark_post_img_cover":false,"themepark_post_img_fixed":false,"themepark_post_hide_title":true,"themepark_post_main_b":"","themepark_post_main_p":100,"themepark_paddingblock":true,"footnotes":""},"class_list":["post-1317","page","type-page","status-publish","hentry"],"_links":{"self":[{"href":"https:\/\/www.zpgcnc.com\/es\/wp-json\/wp\/v2\/pages\/1317","targetHints":{"allow":["GET"]}}],"collection":[{"href":"https:\/\/www.zpgcnc.com\/es\/wp-json\/wp\/v2\/pages"}],"about":[{"href":"https:\/\/www.zpgcnc.com\/es\/wp-json\/wp\/v2\/types\/page"}],"author":[{"embeddable":true,"href":"https:\/\/www.zpgcnc.com\/es\/wp-json\/wp\/v2\/users\/1"}],"replies":[{"embeddable":true,"href":"https:\/\/www.zpgcnc.com\/es\/wp-json\/wp\/v2\/comments?post=1317"}],"version-history":[{"count":7,"href":"https:\/\/www.zpgcnc.com\/es\/wp-json\/wp\/v2\/pages\/1317\/revisions"}],"predecessor-version":[{"id":3105,"href":"https:\/\/www.zpgcnc.com\/es\/wp-json\/wp\/v2\/pages\/1317\/revisions\/3105"}],"wp:attachment":[{"href":"https:\/\/www.zpgcnc.com\/es\/wp-json\/wp\/v2\/media?parent=1317"}],"curies":[{"name":"wp","href":"https:\/\/api.w.org\/{rel}","templated":true}]}}