{"id":393,"date":"2022-05-25T14:00:01","date_gmt":"2022-05-25T06:00:01","guid":{"rendered":"http:\/\/themetest3.local\/?page_id=393"},"modified":"2025-07-18T14:37:47","modified_gmt":"2025-07-18T06:37:47","slug":"contcat-us","status":"publish","type":"page","link":"https:\/\/www.zpgcnc.com\/es\/contcat-us","title":{"rendered":"Cont\u00e1ctenos"},"content":{"rendered":"<section class=\"wp-block-themepark-block-themepark-area block_layout thempark-block undefined bom30 top30\" id=\"\" style=\"padding-top:18px;height:400px;box-sizing: border-box;width: 100%;\" data-swiper-parallax=\"-700\"><div class=\"block_layout_in\" style=\"\">\n<div class=\"wp-block-column block_layout_in\">\n<h1 class=\"wp-block-heading has-text-align-center has-black-color has-text-color\" style=\"font-size:28px;text-transform:capitalize\">Contacta con nosotros<\/h1>\n\n\n\n<section class=\"wp-block-themepark-block-themepark-icon thempark-block themepark_icon_list_out undefined  top10\" id=\"nomo\" style=\"padding-top:43px;\"><div class=\"themepark_icon_list_in  nopadings\" style=\"\"><div class=\"themepark_icon_lists iconl5 iconls3\" style=\"\"><a class=\"themepark_icon_box  picmodle\" href=\"https:\/\/api.whatsapp.com\/send?phone=8619353113305\" style=\"\"><div class=\"themepark_icon_box_i\"><div class=\"themepark_icon_box_i_out\"><img decoding=\"async\" src=\"https:\/\/www.zpgcnc.com\/wp-content\/uploads\/2023\/06\/WHATSAPP.png\" alt=\"WhatsApp\" style=\"color:#052b6c;width:160px;\"\/><\/div><b style=\"font-size:14px;color:#000000;\">WhatsApp<\/b><\/div><\/a><a class=\"themepark_icon_box  picmodle\" href=\"https:\/\/api.whatsapp.com\/send?phone=8619353113305\" style=\"\"><div class=\"themepark_icon_box_i\"><div class=\"themepark_icon_box_i_out\"><img decoding=\"async\" src=\"https:\/\/www.zpgcnc.com\/wp-content\/uploads\/2025\/07\/123.webp\" alt=\"Wechat\" style=\"color:#32abf6;width:160px;\"\/><\/div><b style=\"font-size:14px;color:#000000;\">Wechat<\/b><\/div><\/a><\/div><\/div><\/section>\n<\/div>\n<\/div><div class=\"layout_badh\"><div class=\"PcOnly themepark-block_layout_ba lazyload swiper-lazy\" style=\"background-repeat:no-repeat;background-size:cover;background-position:center;\" data-background=\"https:\/\/www.zpgcnc.com\/wp-content\/uploads\/2025\/07\/122.webp\"><\/div><div class=\"MovePnly themepark-block_layout_ba lazyload swiper-move-lazy\" style=\"background-repeat:no-repeat;background-size:cover;background-position:center;\" data-background=\"https:\/\/www.zpgcnc.com\/wp-content\/uploads\/2025\/07\/122.webp\"><\/div><\/div><\/section>\n\n\n\n<section class=\"wp-block-themepark-block-themepark-area block_layout thempark-block undefined bom20 top20 undefinedundefinedundefined contact\" id=\"\" style=\"padding-bottom:35px;padding-top:33px;\" data-swiper-parallax=\"-700\"><div class=\"block_layout_in\" style=\"\">\n<div class=\"wp-block-column block_layout_in\">\n<div class=\"wp-block-themepark-block-themepark-comment thempark-block themepark-comment undefined\" style=\"padding-bottom:20px;padding-top:20px;\"><div class=\"themepark-comment_in\" id=\"\"><div class=\"themepark-comment_inb2\"><div class=\"themepark-comment_inb\" style=\"\"><div class=\"themepark-comment_img add interbox\" style=\"width:60%\">\n<div class=\"wp-block-column\">\n<section class=\"wp-block-themepark-block-themepark-icon thempark-block themepark_icon_list_out undefined\" id=\"nomo3\" style=\"padding-bottom:20px;\"><div class=\"themepark_icon_list_in\" style=\"\"><div class=\"themepark_icon_lists iconl2 iconls1\" style=\"\"><a class=\"themepark_icon_box\"><div class=\"themepark_icon_box_i\"><div class=\"themepark_icon_box_i_out\"><i class=\"fas fa-phone-square-alt\" style=\"color:#052b6c;font-size:24px;\"><\/i><\/div><\/div><div class=\"themepark_icon_box_d\" style=\"font-size:14px;color:#666666;height:94px;\"><b style=\"font-size:18px;color:#052b6c;\">Agente global<\/b><span>Descuento para nuevos clientes: 10%<\/span><span>Descuento agente: 15%<\/span><\/div><div class=\"themepark_icon_box_bac\" style=\"background:#e3e3e3;opacity:0.39;\"><\/div><\/a><a class=\"themepark_icon_box\" href=\"mailto:sales@jnpmsk.com\" style=\"\"><div class=\"themepark_icon_box_i\"><div class=\"themepark_icon_box_i_out\"><i class=\"fas fa-envelope-square\" style=\"color:#052b6c;font-size:24px;\"><\/i><\/div><\/div><div class=\"themepark_icon_box_d\" style=\"font-size:14px;color:#666666;height:94px;\"><b style=\"font-size:18px;color:#052b6c;\">Correo electr\u00f3nico<\/b><span>sales@jnpmsk.com<\/span><\/div><div class=\"themepark_icon_box_bac\" style=\"background:#e3e3e3;opacity:0.39;\"><\/div><\/a><a class=\"themepark_icon_box\"><div class=\"themepark_icon_box_i\"><div class=\"themepark_icon_box_i_out\"><i class=\"fas fa-anchor\" style=\"color:#052b6c;font-size:24px;\"><\/i><\/div><\/div><div class=\"themepark_icon_box_d\" style=\"font-size:14px;color:#666666;height:94px;\"><b style=\"font-size:18px;color:#052b6c;\">Servicio postventa<\/b><span>Brindamos soporte en l\u00ednea las 24 horas, los 7 d\u00edas de la semana, y apoyamos el mantenimiento y la instalaci\u00f3n en el sitio.<\/span><\/div><div class=\"themepark_icon_box_bac\" style=\"background:#e3e3e3;opacity:0.39;\"><\/div><\/a><a class=\"themepark_icon_box\" href=\"#\" style=\"\"><div class=\"themepark_icon_box_i\"><div class=\"themepark_icon_box_i_out\"><i class=\"fas fa-map-marker-alt\" style=\"color:#052b6c;font-size:24px;\"><\/i><\/div><\/div><div class=\"themepark_icon_box_d\" style=\"font-size:14px;color:#666666;height:94px;\"><b style=\"font-size:18px;color:#052b6c;\">Direcci\u00f3n de la empresa<\/b><span>Bienvenido a visitar nuestra f\u00e1brica en Jinan, China.<\/span><\/div><div class=\"themepark_icon_box_bac\" style=\"background:#e3e3e3;opacity:0.39;\"><\/div><\/a><\/div><\/div><\/section>\n<\/div>\n<\/div><div class=\"themepark-comment_form nolable\" style=\"width:35%\"><form id=\"commentform-park\" class=\"themepark-c-f\" action=\"https:\/\/www.zpgcnc.com\/wp-comments-post.php\" method=\"post\" autocomplete=\"off\" data-trp-original-action=\"https:\/\/www.zpgcnc.com\/wp-comments-post.php\"><div class=\"themepark-comment_form_box tptext\" style=\"font-size:14px;\"><lable for=\"tpcommet0\" class=\"\"><input type=\"text\" id=\"tpcommet0\" name=\"tpcommet0\" size=\"28\" style=\"color:#666666;border: solid 1px #666666;background-color: #ffffff;\" placeholder=\"Nombre\"\/><\/lable><\/div><div class=\"themepark-comment_form_box tptext\" style=\"font-size:14px;\"><lable for=\"tpcommet1\" class=\"\"><input type=\"text\" id=\"tpcommet1\" name=\"tpcommet1\" size=\"28\" style=\"color:#666666;border: solid 1px #666666;background-color: #ffffff;\" placeholder=\"whatsapp\/wechat\"\/><\/lable><\/div><div class=\"themepark-comment_form_box tptext mail-c\" style=\"font-size:14px;\"><lable for=\"tpcommet2\" class=\"required\"><input type=\"text\" class=\"f-email\" id=\"tpcommet2\" name=\"tpcommet2\" size=\"28\" required style=\"color:#666666;border: solid 1px #666666;background-color: #ffffff;\" placeholder=\"Correo electr\u00f3nico\"\/><span class=\"required\">*<div class=\"required_tishi animated\"><i class=\"fas fa-exclamation-circle\"><\/i><span><\/span><\/div><\/span><\/lable><\/div><div class=\"themepark-comment_form_box tpTextarea\" style=\"font-size:14px;\"><lable for=\"tpcommet3\"><textarea id=\"tpcommet3\" name=\"tpcommet3\" style=\"color:#666666;border: solid 1px #666666;background-color: #ffffff;\" placeholder=\"Dejar un mensaje\"><\/textarea><\/lable><\/div><div class=\"hiddeninput\"><input name=\"comment_post_ID\" type=\"hidden\" value=\"393\"\/><input name=\"author\" type=\"hidden\" class=\"author\"\/><input name=\"email\" type=\"hidden\" class=\"email\"\/><textarea name=\"comment\" style=\"display:none\" class=\"comment\"><\/textarea><input name=\"themeparklable\" type=\"hidden\" value=\"Name|Whatsapp\/Wechat|E-mail|Leave a message\"\/><input name=\"themeparktype\" type=\"hidden\" value=\"text|text|text2|Textarea\"\/><input name=\"redirect_to\" type=\"hidden\" value=\"https:\/\/www.zpgcnc.com\"\/><input name=\"inquiryid\" type=\"hidden\"\/><input name=\"inquirytime\" type=\"hidden\"\/><input name=\"position\" type=\"hidden\"\/><\/div><div class=\"submut_box\"><input type=\"submit\" class=\"submut_btn\" name=\"submit\" style=\"background:#052b6c;\" value=\"Entregar\"\/><div class=\"tishi\" style=\"\"><div class=\"loading\" style=\"color:#666666;\"><i class=\"fas fa-spinner\"><\/i>\u00a1cargando!<\/div><div class=\"success\" style=\"color:#666666;\"><i class=\"fas fa-check\"><\/i>\u00a1Enviado satisfactoriamente!<\/div><div class=\"erro\" style=\"color:#666666;\"><i class=\"fas fa-exclamation-circle\"><\/i>\u00a1Env\u00edo fallido! No se permite enviar una demostraci\u00f3n, \u00a1perd\u00f3nenme!<\/div><div class=\"e-email\">\u00a1Error de buz\u00f3n!<\/div><div class=\"e-tel\">\u00a1Error de tel\u00e9fono!<\/div><\/div><\/div><input type=\"hidden\" name=\"trp-form-language\" value=\"es\"\/><\/form><\/div><div class=\"wp_clear\"><\/div><\/div><div class=\"themepark-comment_in_b\" style=\"opacity:0.56;undefinedtransform:scaleX(1.039) scaleY(1.079)\"><\/div><\/div><\/div><div class=\"wp_clear\"><\/div><\/div>\n<\/div>\n<\/div><div class=\"layout_badh\"><\/div><\/section>","protected":false},"excerpt":{"rendered":"","protected":false},"author":1,"featured_media":0,"parent":0,"menu_order":0,"comment_status":"open","ping_status":"closed","template":"","meta":{"themepark_post_bcolor":"#f5f5f5","themepark_post_width":"100%","themepark_post_img":"","themepark_post_img_po":"left","themepark_post_img_re":false,"themepark_post_img_cover":false,"themepark_post_img_fixed":false,"themepark_post_hide_title":true,"themepark_post_main_b":"","themepark_post_main_p":100,"themepark_paddingblock":true,"footnotes":""},"class_list":["post-393","page","type-page","status-publish","hentry"],"_links":{"self":[{"href":"https:\/\/www.zpgcnc.com\/es\/wp-json\/wp\/v2\/pages\/393","targetHints":{"allow":["GET"]}}],"collection":[{"href":"https:\/\/www.zpgcnc.com\/es\/wp-json\/wp\/v2\/pages"}],"about":[{"href":"https:\/\/www.zpgcnc.com\/es\/wp-json\/wp\/v2\/types\/page"}],"author":[{"embeddable":true,"href":"https:\/\/www.zpgcnc.com\/es\/wp-json\/wp\/v2\/users\/1"}],"replies":[{"embeddable":true,"href":"https:\/\/www.zpgcnc.com\/es\/wp-json\/wp\/v2\/comments?post=393"}],"version-history":[{"count":5,"href":"https:\/\/www.zpgcnc.com\/es\/wp-json\/wp\/v2\/pages\/393\/revisions"}],"predecessor-version":[{"id":3216,"href":"https:\/\/www.zpgcnc.com\/es\/wp-json\/wp\/v2\/pages\/393\/revisions\/3216"}],"wp:attachment":[{"href":"https:\/\/www.zpgcnc.com\/es\/wp-json\/wp\/v2\/media?parent=393"}],"curies":[{"name":"wp","href":"https:\/\/api.w.org\/{rel}","templated":true}]}}