{"id":65,"date":"2022-05-20T16:55:50","date_gmt":"2022-05-20T08:55:50","guid":{"rendered":"http:\/\/themetest3.local\/?page_id=65"},"modified":"2026-03-12T15:29:11","modified_gmt":"2026-03-12T07:29:11","slug":"video","status":"publish","type":"page","link":"https:\/\/www.zpgcnc.com\/es\/video","title":{"rendered":"V\u00eddeo"},"content":{"rendered":"<section class=\"wp-block-themepark-block-themepark-area block_layout thempark-block undefined bom10\" id=\"\" style=\"background-color:#ffffff;padding-bottom:63px;padding-top:49px;\" data-swiper-parallax=\"-700\"><div class=\"block_layout_in clomnsmal\" style=\"max-width:1600px;\">\n<div class=\"wp-block-column block_layout_in\">\n<div class=\"wp-block-columns\">\n<div class=\"wp-block-column\">\n<div class=\"wp-block-themepark-block-themepark-wright content-super-p\" style=\"font-size:22px;line-height:25px;padding:10px 10px;\">\n<div class=\"wp-block-column\">\n<p class=\"has-text-align-left has-monte-white-color has-midnight-gradient-background has-text-color has-background has-link-color wp-elements-4ffae26ef25d333e2e1a8175a4905d75\" style=\"font-size:25px\"><strong>Manufacturer Video<\/strong><\/p>\n<\/div>\n<\/div>\n<\/div>\n<\/div>\n\n\n\n<div class=\"wp-block-columns\">\n<div class=\"wp-block-column\">\n<div class=\"wp-block-cover is-light wp-duotone-midnight\" style=\"min-height:298px;aspect-ratio:unset;\"><span aria-hidden=\"true\" class=\"wp-block-cover__background has-background-dim-0 has-background-dim has-background-gradient\" style=\"background:linear-gradient(135deg,rgb(6,147,227) 0%,rgb(111,75,144) 100%)\"><\/span><div class=\"wp-block-cover__inner-container\">\n<div class=\"wp-block-columns\">\n<div class=\"wp-block-column\">\n<div class=\"wp-block-themepark-block-themepark-iframe themepark-iframe\"><iframe src=\"https:\/\/www.youtube.com\/embed\/UG68fPBeK3M?si=Jc7b3DyngglV06VN\" title=\"pmsk cnc machine\" scrolling=\"no\" frameborder=\"0\"><\/iframe><img decoding=\"async\" alt=\"pmsk cnc machine\" src=\"https:\/\/www.pmskmachine.com\/wp-content\/uploads\/2024\/12\/16-750.jpg\"\/><\/div>\n\n\n\n<p class=\"has-text-align-center\"><strong>Production Line<\/strong><\/p>\n<\/div>\n<\/div>\n<\/div><\/div>\n<\/div>\n\n\n\n<div class=\"wp-block-column\">\n<div class=\"wp-block-cover is-light wp-duotone-midnight\" style=\"min-height:298px;aspect-ratio:unset;\"><span aria-hidden=\"true\" class=\"wp-block-cover__background has-background-dim-0 has-background-dim has-background-gradient\" style=\"background:linear-gradient(135deg,rgb(6,147,227) 0%,rgb(111,75,144) 100%)\"><\/span><div class=\"wp-block-cover__inner-container\">\n<div class=\"wp-block-columns\">\n<div class=\"wp-block-column\">\n<div class=\"wp-block-themepark-block-themepark-iframe themepark-iframe\"><iframe src=\"https:\/\/www.youtube.com\/embed\/5hHYYv0M1KA?si=PuEuQB6cEOn329TJ\" title=\"zpg laser cutting machine factory\" scrolling=\"no\" frameborder=\"0\"><\/iframe><img decoding=\"async\" alt=\"zpg laser cutting machine factory\" src=\"https:\/\/www.pmskmachine.com\/wp-content\/uploads\/2024\/12\/16-750.jpg\"\/><\/div>\n\n\n\n<p class=\"has-text-align-center\"><strong>Manufacturer<\/strong><\/p>\n<\/div>\n<\/div>\n<\/div><\/div>\n<\/div>\n\n\n\n<div class=\"wp-block-column\">\n<div class=\"wp-block-cover is-light wp-duotone-midnight\" style=\"min-height:298px;aspect-ratio:unset;\"><span aria-hidden=\"true\" class=\"wp-block-cover__background has-background-dim-0 has-background-dim has-background-gradient\" style=\"background:linear-gradient(135deg,rgb(6,147,227) 0%,rgb(111,75,144) 100%)\"><\/span><div class=\"wp-block-cover__inner-container\">\n<div class=\"wp-block-columns\">\n<div class=\"wp-block-column\">\n<div class=\"wp-block-themepark-block-themepark-iframe themepark-iframe\"><iframe src=\"https:\/\/www.youtube.com\/embed\/Icm4bUbpVyQ?si=uuLdhN5PCklofdGr\" title=\"zpg laser cnc machine\" scrolling=\"no\" frameborder=\"0\"><\/iframe><img decoding=\"async\" alt=\"zpg laser cnc machine\" src=\"https:\/\/www.pmskmachine.com\/wp-content\/uploads\/2024\/12\/16-750.jpg\"\/><\/div>\n\n\n\n<p class=\"has-text-align-center\"><strong><strong>Exhibition<\/strong><\/strong><\/p>\n<\/div>\n<\/div>\n<\/div><\/div>\n<\/div>\n<\/div>\n<\/div>\n<\/div><div class=\"layout_badh\"><\/div><\/section>\n\n\n\n<section class=\"wp-block-themepark-block-themepark-area block_layout thempark-block undefined\" id=\"\" style=\"background-color:#f8fdfa;\" data-swiper-parallax=\"-700\"><div class=\"block_layout_in\" style=\"\">\n<div class=\"wp-block-column block_layout_in\">\n<div class=\"wp-block-columns\">\n<div class=\"wp-block-column\">\n<div class=\"wp-block-themepark-block-themepark-wright content-super-p\" style=\"font-size:22px;line-height:25px;padding:10px 10px;\">\n<div class=\"wp-block-column\">\n<p class=\"has-text-align-left has-monte-white-color has-midnight-gradient-background has-text-color has-background has-link-color wp-elements-550266bc6e8e0e39421acabb0f6af9d3\" style=\"font-size:25px\"><strong>M\u00e1quina de corte por l\u00e1ser de chapa<\/strong> <strong>V\u00eddeo<\/strong><\/p>\n<\/div>\n<\/div>\n<\/div>\n<\/div>\n\n\n\n<div class=\"wp-block-themepark-block-themepark-tab thempark-block thempark_tab_box tab_heng right undefined\" style=\"margin-bottom:20px;\" bloop=\"no\" auto=\"no\" mouse=\"click\"><div class=\"content_tab_title\" style=\"text-align:left;width:35%;\"><div class=\"fidxtab\" style=\"\"><div class=\"btn active\" style=\"padding:11px 0;\"><span class=\"tabtt\" style=\"font-size:18px;\"><i class=\"fas fa fa-\" style=\"font-size:18px;\"><\/i>3015G-High-performance laser cutter<\/span><\/div><div class=\"btn\" style=\"padding:11px 0;\"><span class=\"tabtt\" style=\"font-size:18px;\"><i class=\"fas fa fa-\" style=\"font-size:18px;\"><\/i>3015E-Economic laser cutting machine<\/span><\/div><div class=\"btn\" style=\"padding:11px 0;\"><span class=\"tabtt\" style=\"font-size:18px;\"><i class=\"fas fa fa-\" style=\"font-size:18px;\"><\/i>3015H-Full-coverage laser cutting machine<\/span><\/div><div class=\"btn\" style=\"padding:11px 0;\"><span class=\"tabtt\" style=\"font-size:18px;\"><i class=\"fas fa fa-\" style=\"font-size:18px;\"><\/i>3015A-Exchange platform laser cutting machine<\/span><\/div><\/div><\/div><div class=\"swiper-container content_tab_swiper\" style=\"\"><div class=\"swiper-wrapper\">\n<div class=\"wp-block-column ecdorbox0 swiper-slide tap_s-box active\">\n<div class=\"wp-block-themepark-block-themepark-iframe themepark-iframe\"><iframe src=\"https:\/\/www.youtube.com\/embed\/UFd0blpT5UQ?si=yubP6qNMgkpJJtW5\" scrolling=\"no\" frameborder=\"0\"><\/iframe><img decoding=\"async\" src=\"https:\/\/www.pmskmachine.com\/wp-content\/uploads\/2024\/12\/16-8.18.jpg\"\/><\/div>\n<\/div>\n\n\n\n<div class=\"wp-block-column ecdorbox1 swiper-slide tap_s-box\">\n<div class=\"wp-block-themepark-block-themepark-iframe themepark-iframe\"><iframe src=\"https:\/\/www.youtube.com\/embed\/wxfbWsgRL-8?si=crUK4hpACopAt6qG\" scrolling=\"no\" frameborder=\"0\"><\/iframe><img decoding=\"async\" src=\"https:\/\/www.pmskmachine.com\/wp-content\/uploads\/2024\/12\/16-8.18.jpg\"\/><\/div>\n<\/div>\n\n\n\n<div class=\"wp-block-column ecdorbox2 swiper-slide tap_s-box\">\n<div class=\"wp-block-themepark-block-themepark-iframe themepark-iframe\"><iframe src=\"https:\/\/www.youtube.com\/embed\/eFmrpAVMoFA?si=oxBIN3w1Pyocwh0U\" scrolling=\"no\" frameborder=\"0\"><\/iframe><img decoding=\"async\" src=\"https:\/\/www.pmskmachine.com\/wp-content\/uploads\/2024\/12\/16-8.18.jpg\"\/><\/div>\n<\/div>\n\n\n\n<div class=\"wp-block-column ecdorbox3 swiper-slide tap_s-box\">\n<div class=\"wp-block-themepark-block-themepark-iframe themepark-iframe\"><iframe src=\"https:\/\/www.youtube.com\/embed\/2nrQu3BJBSg?si=9wOjcHPeP-IcQiqD\" scrolling=\"no\" frameborder=\"0\"><\/iframe><img decoding=\"async\" src=\"https:\/\/www.pmskmachine.com\/wp-content\/uploads\/2024\/12\/16-8.18.jpg\"\/><\/div>\n<\/div>\n<\/div><\/div><div class=\"tabbottomb\"><\/div><\/div>\n<\/div>\n<\/div><div class=\"layout_badh\"><\/div><\/section>\n\n\n\n<section class=\"wp-block-themepark-block-themepark-area block_layout thempark-block undefined\" id=\"\" style=\"\" data-swiper-parallax=\"-700\"><div class=\"block_layout_in\" style=\"\">\n<div class=\"wp-block-column block_layout_in\">\n<div class=\"wp-block-columns\">\n<div class=\"wp-block-column\">\n<div class=\"wp-block-themepark-block-themepark-wright content-super-p\" style=\"font-size:22px;line-height:25px;padding:10px 10px;\">\n<div class=\"wp-block-column\">\n<p class=\"has-text-align-left has-monte-white-color has-midnight-gradient-background has-text-color has-background has-link-color wp-elements-3cabac9279613950bd4c4a3d7ac58f5d\" style=\"font-size:25px\"><strong>Metal Tube Laser Cutting Machine Video<\/strong><\/p>\n<\/div>\n<\/div>\n<\/div>\n<\/div>\n\n\n\n<div class=\"wp-block-themepark-block-themepark-tab thempark-block thempark_tab_box tab_heng right undefined\" style=\"margin-bottom:20px;\" bloop=\"no\" auto=\"no\" mouse=\"click\"><div class=\"content_tab_title\" style=\"width:35%;\"><div class=\"fidxtab\" style=\"\"><div class=\"btn active\" style=\"padding:11px 0;\"><span class=\"tabtt\" style=\"font-size:18px;\"><i class=\"fas fa fa-\" style=\"font-size:18px;\"><\/i>6016T-pipe laser cutting machine<\/span><\/div><div class=\"btn\" style=\"padding:11px 0;\"><span class=\"tabtt\" style=\"font-size:18px;\"><i class=\"fas fa fa-\" style=\"font-size:18px;\"><\/i>6023T-pipe laser cutting machine<\/span><\/div><div class=\"btn\" style=\"padding:11px 0;\"><span class=\"tabtt\" style=\"font-size:18px;\"><i class=\"fas fa fa-\" style=\"font-size:18px;\"><\/i>6032T-pipe laser cutting machine<\/span><\/div><div class=\"btn\" style=\"padding:11px 0;\"><span class=\"tabtt\" style=\"font-size:18px;\"><i class=\"fas fa fa-\" style=\"font-size:18px;\"><\/i>12023t-pipe laser cutting machine<\/span><\/div><\/div><\/div><div class=\"swiper-container content_tab_swiper\" style=\"\"><div class=\"swiper-wrapper\">\n<div class=\"wp-block-column ecdorbox0 swiper-slide tap_s-box active\">\n<div class=\"wp-block-themepark-block-themepark-iframe themepark-iframe\"><iframe src=\"https:\/\/www.youtube.com\/embed\/NkFA6rwZ2Co?si=YWv_-NjwDAy50e2Z\" scrolling=\"no\" frameborder=\"0\"><\/iframe><img decoding=\"async\" src=\"https:\/\/www.pmskmachine.com\/wp-content\/uploads\/2024\/12\/16-8.18.jpg\"\/><\/div>\n<\/div>\n\n\n\n<div class=\"wp-block-column ecdorbox1 swiper-slide tap_s-box\">\n<div class=\"wp-block-themepark-block-themepark-iframe themepark-iframe\"><iframe src=\"https:\/\/www.youtube.com\/embed\/7dxJaG49oF4?si=yocXvVs_rYNagGK1\" scrolling=\"no\" frameborder=\"0\"><\/iframe><img decoding=\"async\" src=\"https:\/\/www.pmskmachine.com\/wp-content\/uploads\/2024\/12\/16-8.18.jpg\"\/><\/div>\n<\/div>\n\n\n\n<div class=\"wp-block-column ecdorbox2 swiper-slide tap_s-box\">\n<div class=\"wp-block-themepark-block-themepark-iframe themepark-iframe\"><iframe src=\"https:\/\/www.youtube.com\/embed\/T3cQt1CyLUw?si=SXcyaLl8Tf-9kg1w\" scrolling=\"no\" frameborder=\"0\"><\/iframe><img decoding=\"async\" src=\"https:\/\/www.pmskmachine.com\/wp-content\/uploads\/2024\/12\/16-8.18.jpg\"\/><\/div>\n<\/div>\n\n\n\n<div class=\"wp-block-column ecdorbox3 swiper-slide tap_s-box\">\n<div class=\"wp-block-themepark-block-themepark-iframe themepark-iframe\"><iframe src=\"https:\/\/www.youtube.com\/embed\/RbVugA3_1rI?si=IrqtBdaZ6CI-ZP7M\" scrolling=\"no\" frameborder=\"0\"><\/iframe><img decoding=\"async\" src=\"https:\/\/www.pmskmachine.com\/wp-content\/uploads\/2024\/12\/16-8.18.jpg\"\/><\/div>\n<\/div>\n<\/div><\/div><div class=\"tabbottomb\"><\/div><\/div>\n<\/div>\n<\/div><div class=\"layout_badh\"><\/div><\/section>\n\n\n\n<section class=\"wp-block-themepark-block-themepark-area block_layout thempark-block undefined\" id=\"\" style=\"background-color:#f8fdfa;\" data-swiper-parallax=\"-700\"><div class=\"block_layout_in\" style=\"\">\n<div class=\"wp-block-column block_layout_in\">\n<div class=\"wp-block-columns\">\n<div class=\"wp-block-column\">\n<div class=\"wp-block-themepark-block-themepark-wright content-super-p\" style=\"font-size:22px;line-height:25px;padding:10px 10px;\">\n<div class=\"wp-block-column\">\n<p class=\"has-text-align-left has-monte-white-color has-midnight-gradient-background has-text-color has-background has-link-color wp-elements-50b74c5c41e540ff148168e8e9b1662f\" style=\"font-size:25px\"><strong><strong>M\u00e1quina de corte l\u00e1ser de tubos y chapas<\/strong><\/strong> <strong>V\u00eddeo<\/strong><\/p>\n<\/div>\n<\/div>\n<\/div>\n<\/div>\n\n\n\n<div class=\"wp-block-themepark-block-themepark-tab thempark-block thempark_tab_box tab_heng right undefined\" style=\"margin-bottom:20px;\" bloop=\"no\" auto=\"no\" mouse=\"click\"><div class=\"content_tab_title\" style=\"width:35%;\"><div class=\"fidxtab\" style=\"\"><div class=\"btn active\" style=\"padding:11px 0;\"><span class=\"tabtt\" style=\"font-size:18px;\"><i class=\"fas fa fa-\" style=\"font-size:18px;\"><\/i>3015ET-tube and plate laser cutter<\/span><\/div><div class=\"btn\" style=\"padding:11px 0;\"><span class=\"tabtt\" style=\"font-size:18px;\"><i class=\"fas fa fa-\" style=\"font-size:18px;\"><\/i>3015AT-tube and plate laser cutter<\/span><\/div><\/div><\/div><div class=\"swiper-container content_tab_swiper\" style=\"\"><div class=\"swiper-wrapper\">\n<div class=\"wp-block-column ecdorbox0 swiper-slide tap_s-box active\">\n<div class=\"wp-block-themepark-block-themepark-iframe themepark-iframe\"><iframe src=\"https:\/\/www.youtube.com\/embed\/SHdjaL8WETQ?si=OH7-MmqPm9cPzFYJ\" scrolling=\"no\" frameborder=\"0\"><\/iframe><img decoding=\"async\" src=\"https:\/\/www.pmskmachine.com\/wp-content\/uploads\/2024\/12\/16-8.18.jpg\"\/><\/div>\n<\/div>\n\n\n\n<div class=\"wp-block-column ecdorbox1 swiper-slide tap_s-box\">\n<div class=\"wp-block-themepark-block-themepark-iframe themepark-iframe\"><iframe src=\"https:\/\/www.youtube.com\/embed\/kDSmvbj_Hho?si=r-B3ApncraFzybKU\" scrolling=\"no\" frameborder=\"0\"><\/iframe><img decoding=\"async\" src=\"https:\/\/www.pmskmachine.com\/wp-content\/uploads\/2024\/12\/16-8.18.jpg\"\/><\/div>\n<\/div>\n<\/div><\/div><div class=\"tabbottomb\"><\/div><\/div>\n<\/div>\n<\/div><div class=\"layout_badh\"><\/div><\/section>\n\n\n\n<section class=\"wp-block-themepark-block-themepark-area block_layout thempark-block undefined bom10 top10\" id=\"\" style=\"background-color:#ffffff;padding-bottom:44px;padding-top:34px;\" data-swiper-parallax=\"-700\"><div class=\"block_layout_in\" style=\"\"><div class=\"post_in_list_head modle_title2\"><h2><span style=\"color:#052b6c;font-size:27px;\" class=\"main-title\">Popular m\u00e1quina de corte por l\u00e1ser de fibra CNC<\/span><\/h2><div class=\"title_boout\"><div class=\"title_bo\" style=\"border-bottom:2px solid #ea5520;\"><\/div><\/div><\/div>\n<div class=\"wp-block-column block_layout_in\"><div class=\"product_loop   mian_loop\" id=\"pro_list_4\"><div class=\"product_post   h_w\" ><a href=\"https:\/\/www.zpgcnc.com\/es\/6012tp-small-tube-laser-cutter.html\" class=\"product_pic postatty\" style=\"max-height:366px;\"\"><img loading=\"lazy\" decoding=\"async\" class=\"lazyload\" src=\"https:\/\/www.zpgcnc.com\/wp-content\/themes\/smartenterprise\/images\/loadings.png\" data-src=\"https:\/\/www.zpgcnc.com\/wp-content\/uploads\/2026\/03\/\u4e3b\u56fe-fiber.jpg\" width=\"700\" height=\"600\" alt=\"6012TP Small-tube Laser Cutter\" title=\"6012TP Small-tube Laser Cutter\"\/><\/a><div class=\"product_info\"><h3 class=\"pro_title\"><a href=\"https:\/\/www.zpgcnc.com\/es\/6012tp-small-tube-laser-cutter.html\">6012TP Small-tube Laser Cutter<\/a><\/h3><p class=\"des\">Small Fiber Laser Tube Cutting Machine Round Tube Laser Cutting Laser Square Pipe Cutting<\/p><\/div><\/div><div class=\"product_post   h_w\" ><a href=\"https:\/\/www.zpgcnc.com\/es\/3015g-fiber-laser-cutting-machine.html\" class=\"product_pic postatty\" style=\"max-height:366px;\"\"><img loading=\"lazy\" decoding=\"async\" class=\"lazyload\" src=\"https:\/\/www.zpgcnc.com\/wp-content\/themes\/smartenterprise\/images\/loadings.png\" data-src=\"https:\/\/www.zpgcnc.com\/wp-content\/uploads\/2025\/07\/3015G.webp\" width=\"700\" height=\"600\" alt=\"M\u00e1quina de corte por l\u00e1ser de fibra 3015G\" title=\"M\u00e1quina de corte por l\u00e1ser de fibra 3015G\"\/><\/a><div class=\"product_info\"><h3 class=\"pro_title\"><a href=\"https:\/\/www.zpgcnc.com\/es\/3015g-fiber-laser-cutting-machine.html\">M\u00e1quina de corte por l\u00e1ser de fibra 3015G<\/a><\/h3><p class=\"des\">Alta precisi\u00f3n, velocidad r\u00e1pida, hendidura estrecha, m\u00ednima zona afectada por el calor, superficie de corte lisa y sin rebabas. El cabezal de corte l\u00e1ser no entra en contacto con la superficie del material y no raya la pieza. La hendidura es la m\u00e1s estrecha, la zona afectada por el calor es la m\u00e1s peque\u00f1a, la deformaci\u00f3n local de la pieza de trabajo es muy...<\/p><\/div><\/div><div class=\"product_post   h_w\" ><a href=\"https:\/\/www.zpgcnc.com\/es\/3015h-full-enclosed-fiber-laser-cutting-machine.html\" class=\"product_pic postatty\" style=\"max-height:366px;\"\"><img loading=\"lazy\" decoding=\"async\" class=\"lazyload\" src=\"https:\/\/www.zpgcnc.com\/wp-content\/themes\/smartenterprise\/images\/loadings.png\" data-src=\"https:\/\/www.zpgcnc.com\/wp-content\/uploads\/2025\/07\/3015H-1.webp\" width=\"700\" height=\"600\" alt=\"3015H Cortadora l\u00e1ser totalmente cerrada\" title=\"3015H Cortadora l\u00e1ser totalmente cerrada\"\/><\/a><div class=\"product_info\"><h3 class=\"pro_title\"><a href=\"https:\/\/www.zpgcnc.com\/es\/3015h-full-enclosed-fiber-laser-cutting-machine.html\">3015H Cortadora l\u00e1ser totalmente cerrada<\/a><\/h3><p class=\"des\">La m\u00e1quina cortadora de acero por l\u00e1ser de fibra CNC 3015H utiliza dos mesas de trabajo para el intercambio simult\u00e1neo y una carcasa de protecci\u00f3n de seguridad totalmente cubierta.Es adecuada para el corte de placas de metal de formato ultra grande y espesor medio, y funciona de forma r\u00e1pida, precisa y estable en diversos entornos.<\/p><\/div><\/div><div class=\"product_post   h_w\" ><a href=\"https:\/\/www.zpgcnc.com\/es\/3015gt-tube-and-plate-laser-cutting-machine.html\" class=\"product_pic postatty\" style=\"max-height:366px;\"\"><img loading=\"lazy\" decoding=\"async\" class=\"lazyload\" src=\"https:\/\/www.zpgcnc.com\/wp-content\/themes\/smartenterprise\/images\/loadings.png\" data-src=\"https:\/\/www.zpgcnc.com\/wp-content\/uploads\/2025\/07\/3015GT.webp\" width=\"700\" height=\"600\" alt=\"Cortadora l\u00e1ser de placas tubulares 3015GT\" title=\"Cortadora l\u00e1ser de placas tubulares 3015GT\"\/><\/a><div class=\"product_info\"><h3 class=\"pro_title\"><a href=\"https:\/\/www.zpgcnc.com\/es\/3015gt-tube-and-plate-laser-cutting-machine.html\">Cortadora l\u00e1ser de placas tubulares 3015GT<\/a><\/h3><p class=\"des\">Alta precisi\u00f3n: La m\u00e1quina de corte por l\u00e1ser integrada de tubo de chapa de alto rendimiento es adecuada para el procesamiento de metal por lotes, con velocidad de corte r\u00e1pida, alta precisi\u00f3n y funcionamiento estable.<\/p><\/div><\/div><div class=\"product_post   h_w\" ><a href=\"https:\/\/www.zpgcnc.com\/es\/6016t-metal-pipe-laser-cutting-machine.html\" class=\"product_pic postatty\" style=\"max-height:366px;\"\"><img loading=\"lazy\" decoding=\"async\" class=\"lazyload\" src=\"https:\/\/www.zpgcnc.com\/wp-content\/themes\/smartenterprise\/images\/loadings.png\" data-src=\"https:\/\/www.zpgcnc.com\/wp-content\/uploads\/2025\/07\/6016T.webp\" width=\"700\" height=\"600\" alt=\"Cortadora l\u00e1ser de tubos de metal 6016T\" title=\"Cortadora l\u00e1ser de tubos de metal 6016T\"\/><\/a><div class=\"product_info\"><h3 class=\"pro_title\"><a href=\"https:\/\/www.zpgcnc.com\/es\/6016t-metal-pipe-laser-cutting-machine.html\">Cortadora l\u00e1ser de tubos de metal 6016T<\/a><\/h3><p class=\"des\">m\u00e1quina de corte l\u00e1ser de tubos de metal,m\u00e1quina de corte l\u00e1ser de tubos de acero,m\u00e1quina de corte l\u00e1ser de metalm\u00e1quina de corte l\u00e1ser de fibra<\/p><\/div><\/div><div class=\"product_post   h_w\" ><a href=\"https:\/\/www.zpgcnc.com\/es\/3015ht-sheet-and-tube-fiber-laser-cutting-machine.html\" class=\"product_pic postatty\" style=\"max-height:366px;\"\"><img loading=\"lazy\" decoding=\"async\" class=\"lazyload\" src=\"https:\/\/www.zpgcnc.com\/wp-content\/themes\/smartenterprise\/images\/loadings.png\" data-src=\"https:\/\/www.zpgcnc.com\/wp-content\/uploads\/2025\/07\/3015HT.webp\" width=\"700\" height=\"600\" alt=\"L\u00e1ser de fibra \u00f3ptica de tubo de chapa 3015HT\" title=\"L\u00e1ser de fibra \u00f3ptica de tubo de chapa 3015HT\"\/><\/a><div class=\"product_info\"><h3 class=\"pro_title\"><a href=\"https:\/\/www.zpgcnc.com\/es\/3015ht-sheet-and-tube-fiber-laser-cutting-machine.html\">L\u00e1ser de fibra \u00f3ptica de tubo de chapa 3015HT<\/a><\/h3><p class=\"des\">La serie 3015HT es una m\u00e1quina de corte por l\u00e1ser de fibra de alto rendimiento, que es adecuada para el procesamiento de todo tipo de placas de metal y tuber\u00edas. La protecci\u00f3n de seguridad de cobertura total se ajusta a la norma CE de la UE, y la plataforma de intercambio autom\u00e1tico puede mejorar la eficiencia de producci\u00f3n 50%.<\/p><\/div><\/div><div class=\"product_post   h_w\" ><a href=\"https:\/\/www.zpgcnc.com\/es\/3015et-plate-and-tube-laser-cutting-machine.html\" class=\"product_pic postatty\" style=\"max-height:366px;\"\"><img loading=\"lazy\" decoding=\"async\" class=\"lazyload\" src=\"https:\/\/www.zpgcnc.com\/wp-content\/themes\/smartenterprise\/images\/loadings.png\" data-src=\"https:\/\/www.zpgcnc.com\/wp-content\/uploads\/2025\/07\/3015ET.webp\" width=\"700\" height=\"600\" alt=\"Cortadora l\u00e1ser de tubo de chapa 3015ET\" title=\"Cortadora l\u00e1ser de tubo de chapa 3015ET\"\/><\/a><div class=\"product_info\"><h3 class=\"pro_title\"><a href=\"https:\/\/www.zpgcnc.com\/es\/3015et-plate-and-tube-laser-cutting-machine.html\">Cortadora l\u00e1ser de tubo de chapa 3015ET<\/a><\/h3><p class=\"des\">El corte de metal r\u00e1pido de acuerdo con los dibujos del ordenador puede estar equipado con colector de polvo, compresor de aire, manipulador de alimentaci\u00f3n autom\u00e1tica, etc. El alto rendimiento de costes hace que la serie E de corte de metal sea popular entre los clientes.<\/p><\/div><\/div><div class=\"product_post   h_w\" ><a href=\"https:\/\/www.zpgcnc.com\/es\/3015a-double-platform-laser-cutter.html\" class=\"product_pic postatty\" style=\"max-height:366px;\"\"><img loading=\"lazy\" decoding=\"async\" class=\"lazyload\" src=\"https:\/\/www.zpgcnc.com\/wp-content\/themes\/smartenterprise\/images\/loadings.png\" data-src=\"https:\/\/www.zpgcnc.com\/wp-content\/uploads\/2025\/07\/3015A.webp\" width=\"700\" height=\"600\" alt=\"Cortadora l\u00e1ser de doble plataforma 3015A\" title=\"Cortadora l\u00e1ser de doble plataforma 3015A\"\/><\/a><div class=\"product_info\"><h3 class=\"pro_title\"><a href=\"https:\/\/www.zpgcnc.com\/es\/3015a-double-platform-laser-cutter.html\">Cortadora l\u00e1ser de doble plataforma 3015A<\/a><\/h3><p class=\"des\">La estructura de la plataforma de intercambio de la m\u00e1quina de corte l\u00e1ser de fibra serie A soporta el mecanizado s\u00edncrono de doble cara, lo que puede reducir el tiempo de espera y mejorar la eficiencia de producci\u00f3n en aproximadamente 50%.<\/p><\/div><\/div><\/div><\/div>\n<\/div><div class=\"layout_badh\"><\/div><\/section>","protected":false},"excerpt":{"rendered":"","protected":false},"author":1,"featured_media":0,"parent":0,"menu_order":0,"comment_status":"open","ping_status":"closed","template":"","meta":{"themepark_post_bcolor":"#f5f5f5","themepark_post_width":"100%","themepark_post_img":"","themepark_post_img_po":"left","themepark_post_img_re":false,"themepark_post_img_cover":false,"themepark_post_img_fixed":false,"themepark_post_hide_title":true,"themepark_post_main_b":"","themepark_post_main_p":100,"themepark_paddingblock":true,"footnotes":""},"class_list":["post-65","page","type-page","status-publish","hentry"],"_links":{"self":[{"href":"https:\/\/www.zpgcnc.com\/es\/wp-json\/wp\/v2\/pages\/65","targetHints":{"allow":["GET"]}}],"collection":[{"href":"https:\/\/www.zpgcnc.com\/es\/wp-json\/wp\/v2\/pages"}],"about":[{"href":"https:\/\/www.zpgcnc.com\/es\/wp-json\/wp\/v2\/types\/page"}],"author":[{"embeddable":true,"href":"https:\/\/www.zpgcnc.com\/es\/wp-json\/wp\/v2\/users\/1"}],"replies":[{"embeddable":true,"href":"https:\/\/www.zpgcnc.com\/es\/wp-json\/wp\/v2\/comments?post=65"}],"version-history":[{"count":9,"href":"https:\/\/www.zpgcnc.com\/es\/wp-json\/wp\/v2\/pages\/65\/revisions"}],"predecessor-version":[{"id":3245,"href":"https:\/\/www.zpgcnc.com\/es\/wp-json\/wp\/v2\/pages\/65\/revisions\/3245"}],"wp:attachment":[{"href":"https:\/\/www.zpgcnc.com\/es\/wp-json\/wp\/v2\/media?parent=65"}],"curies":[{"name":"wp","href":"https:\/\/api.w.org\/{rel}","templated":true}]}}